{"id":3,"date":"2019-10-27T17:14:14","date_gmt":"2019-10-27T17:14:14","guid":{"rendered":"http:\/\/hurtowepaliwa.pl\/?page_id=3"},"modified":"2025-07-27T11:42:22","modified_gmt":"2025-07-27T11:42:22","slug":"privacy-policy","status":"publish","type":"page","link":"https:\/\/hurtowepaliwa.pl\/index.php\/privacy-policy\/","title":{"rendered":"Polityka prywatno\u015bci i przetwarzania danych"},"content":{"rendered":"\t\t<div data-elementor-type=\"wp-page\" data-elementor-id=\"3\" class=\"elementor elementor-3\">\n\t\t\t\t\t\t<section class=\"elementor-section elementor-top-section elementor-element elementor-element-60cea3e7 elementor-section-boxed elementor-section-height-default elementor-section-height-default\" data-id=\"60cea3e7\" data-element_type=\"section\">\n\t\t\t\t\t\t<div class=\"elementor-container elementor-column-gap-default\">\n\t\t\t\t\t<div class=\"elementor-column elementor-col-100 elementor-top-column elementor-element elementor-element-31cae07f\" data-id=\"31cae07f\" data-element_type=\"column\">\n\t\t\t<div class=\"elementor-widget-wrap elementor-element-populated\">\n\t\t\t\t\t\t<div class=\"elementor-element elementor-element-7884189e elementor-widget elementor-widget-text-editor\" data-id=\"7884189e\" data-element_type=\"widget\" data-widget_type=\"text-editor.default\">\n\t\t\t\t<div class=\"elementor-widget-container\">\n\t\t\t\t\t\t\t\t\t<p><span>Polityka prywatno\u015bci i przetwarzania danych osobowych firmy Petro-Lawa<\/span><\/p>\n<p><span>\u00a71. Informacje og\u00f3lne<\/span><\/p>\n<ol>\n<li><span>Niniejsza Polityka prywatno\u015bci okre\u015bla zasady przetwarzania danych osobowych zbieranych za po\u015brednictwem strony internetowej prowadzonej przez firm\u0119 Petro-Lawa (dalej: \u201eAdministrator\u201d, \u201eFirma\u201d).<\/span><\/li>\n<li><span>Administratorem danych osobowych w rozumieniu art. 4 pkt 7 RODO jest:<\/span><span><br \/><\/span><span>Petro-Lawa Sp. z o.o.,<\/span><span><br \/><\/span><span>z siedzib\u0105 przy D\u0119bno 1A, 55-140 \u017bmigr\u00f3d,<\/span><span><br \/><\/span><span>NIP: 9151781879, REGON: 021550431,<\/span><span><br \/><\/span><span>e-mail: petro-lawa@wp.pl<\/span><\/li>\n<\/ol>\n<p><span>\u00a72. Cele, podstawy prawne i zakres przetwarzania danych<\/span><\/p>\n<ol>\n<li><span>Dane osobowe s\u0105 przetwarzane w nast\u0119puj\u0105cych celach:<\/span><span><br \/><\/span>\n<ul>\n<li><span>realizacji us\u0142ug oferowanych przez firm\u0119,<\/span><\/li>\n<li><span>obs\u0142ugi zapyta\u0144 przesy\u0142anych przez formularz kontaktowy dost\u0119pny na stronie internetowej,<\/span><\/li>\n<li><span>prowadzenia korespondencji w zwi\u0105zku z przes\u0142anym zapytaniem,<\/span><\/li>\n<li><span>prowadzenia dzia\u0142a\u0144 marketingowych (je\u015bli zosta\u0142a wyra\u017cona zgoda),<\/span><\/li>\n<li><span>realizacji obowi\u0105zk\u00f3w wynikaj\u0105cych z przepis\u00f3w prawa (np. podatkowych, rachunkowych),<\/span><\/li>\n<li><span>obrony przed roszczeniami i dochodzenia roszcze\u0144.<\/span><\/li>\n<\/ul>\n<\/li>\n<li><span><\/span><\/li>\n<li><span>Dane przetwarzane s\u0105 na podstawie:<\/span><span><br \/><\/span>\n<ul>\n<li><span>art. 6 ust. 1 lit. a RODO \u2013 zgoda osoby, kt\u00f3rej dane dotycz\u0105 (np. w przypadku dobrowolnego wys\u0142ania formularza kontaktowego),<\/span><\/li>\n<li><span>art. 6 ust. 1 lit. b RODO \u2013 dzia\u0142ania zmierzaj\u0105ce do zawarcia umowy lub jej wykonania,<\/span><\/li>\n<li><span>art. 6 ust. 1 lit. f RODO \u2013 prawnie uzasadniony interes Administratora (np. odpowied\u017a na zapytanie, archiwizacja korespondencji).<\/span><\/li>\n<\/ul>\n<\/li>\n<li><span><\/span><\/li>\n<li><span>Zakres przetwarzanych danych w formularzu kontaktowym obejmuje w szczeg\u00f3lno\u015bci:<\/span><span><br \/><\/span>\n<ul>\n<li><span>imi\u0119 i nazwisko (lub firma),<\/span><\/li>\n<li><span>adres e-mail,<\/span><\/li>\n<li><span>numer telefonu (je\u015bli podany),<\/span><\/li>\n<li><span>tre\u015b\u0107 zapytania,<\/span><\/li>\n<li><span>ewentualne inne dane dobrowolnie podane przez u\u017cytkownika w formularzu.<\/span><\/li>\n<\/ul>\n<\/li>\n<li><span><\/span><\/li>\n<\/ol>\n<p><span>\u00a73. Przekazywanie danych osobowych<\/span><\/p>\n<ol>\n<li><span>Dane osobowe mog\u0105 by\u0107 udost\u0119pniane:<\/span><span><br \/><\/span>\n<ul>\n<li><span>podmiotom przetwarzaj\u0105cym dane w imieniu Administratora, np. dostawcom us\u0142ug IT, hostingu, firmom ksi\u0119gowym, prawnym \u2013 na podstawie um\u00f3w powierzenia przetwarzania danych,<\/span><\/li>\n<li><span>organom publicznym, je\u015bli wynika to z obowi\u0105zuj\u0105cych przepis\u00f3w prawa.<\/span><\/li>\n<\/ul>\n<\/li>\n<li><span><\/span><\/li>\n<li><span>Dane osobowe nie s\u0105 przekazywane do pa\u0144stw trzecich ani organizacji mi\u0119dzynarodowych, chyba \u017ce u\u017cytkownik korzysta z funkcji zewn\u0119trznych serwis\u00f3w (np. medi\u00f3w spo\u0142eczno\u015bciowych), kt\u00f3re maj\u0105 odr\u0119bn\u0105 polityk\u0119 prywatno\u015bci.<\/span><\/li>\n<\/ol>\n<p><span>\u00a74. Czas przechowywania danych<\/span><\/p>\n<ol>\n<li><span>Dane osobowe b\u0119d\u0105 przechowywane przez okres niezb\u0119dny do realizacji celu przetwarzania, w tym:<\/span><span><br \/><\/span>\n<ul>\n<li><span>do momentu wycofania zgody (w przypadku przetwarzania na jej podstawie),<\/span><\/li>\n<li><span>przez czas trwania korespondencji lub do zako\u0144czenia sprawy, kt\u00f3rej dotyczy zapytanie,<\/span><\/li>\n<li><span>przez okres wymagany przepisami prawa (np. dla cel\u00f3w dowodowych lub rozliczeniowych).<\/span><\/li>\n<\/ul>\n<\/li>\n<li><span><\/span><\/li>\n<\/ol>\n<p><span>\u00a75. Prawa osoby, kt\u00f3rej dane dotycz\u0105<\/span><\/p>\n<ol>\n<li><span>Ka\u017cda osoba, kt\u00f3rej dane s\u0105 przetwarzane, ma prawo do:<\/span><span><br \/><\/span>\n<ul>\n<li><span>dost\u0119pu do swoich danych,<\/span><\/li>\n<li><span>ich sprostowania,<\/span><\/li>\n<li><span>usuni\u0119cia (\u201eprawo do bycia zapomnianym\u201d),<\/span><\/li>\n<li><span>ograniczenia przetwarzania,<\/span><\/li>\n<li><span>przenoszenia danych,<\/span><\/li>\n<li><span>wniesienia sprzeciwu wobec przetwarzania,<\/span><\/li>\n<li><span>cofni\u0119cia zgody w dowolnym momencie (je\u015bli by\u0142a udzielona),<\/span><\/li>\n<li><span>wniesienia skargi do Prezesa Urz\u0119du Ochrony Danych Osobowych (PUODO).<\/span><\/li>\n<\/ul>\n<\/li>\n<li><span><\/span><\/li>\n<\/ol>\n<p><span>\u00a76. Pliki cookies i technologie \u015bledz\u0105ce<\/span><\/p>\n<ol>\n<li><span>Strona internetowa Petro-Lawa korzysta z plik\u00f3w cookies w celu:<\/span><span><br \/><\/span>\n<ul>\n<li><span>zapewnienia prawid\u0142owego dzia\u0142ania serwisu,<\/span><\/li>\n<li><span>analizy ruchu (np. z u\u017cyciem Google Analytics),<\/span><\/li>\n<li><span>umo\u017cliwienia poprawnego dzia\u0142ania formularza kontaktowego (np. zapobieganie spamowi za pomoc\u0105 CAPTCHA),<\/span><\/li>\n<li><span>prowadzenia dzia\u0142a\u0144 marketingowych (np. remarketing, Google Ads).<\/span><\/li>\n<\/ul>\n<\/li>\n<li><span><\/span><\/li>\n<li><span>U\u017cytkownik mo\u017ce w ka\u017cdej chwili zmieni\u0107 ustawienia dotycz\u0105ce cookies w swojej przegl\u0105darce. Korzystanie ze strony bez zmiany ustawie\u0144 oznacza akceptacj\u0119 plik\u00f3w cookies.<\/span><\/li>\n<\/ol>\n<p><span>\u00a77. Zabezpieczenie danych<\/span><\/p>\n<ol>\n<li><span>Administrator stosuje odpowiednie \u015brodki techniczne i organizacyjne, aby zapewni\u0107 bezpiecze\u0144stwo przetwarzanych danych osobowych, zgodnie z RODO.<\/span><\/li>\n<li><span>Dane s\u0105 chronione przed dost\u0119pem os\u00f3b nieuprawnionych, utrat\u0105, uszkodzeniem lub nieautoryzowan\u0105 modyfikacj\u0105.<\/span><\/li>\n<\/ol>\n<p><span>\u00a78. Zmiany polityki prywatno\u015bci<\/span><\/p>\n<ol>\n<li><span>Administrator zastrzega sobie prawo do wprowadzenia zmian w niniejszej polityce prywatno\u015bci w dowolnym czasie.<\/span><\/li>\n<li><span>Zmiany wchodz\u0105 w \u017cycie z chwil\u0105 ich opublikowania na stronie internetowej.<\/span><\/li>\n<\/ol>\n<p><span>Kontakt w sprawach zwi\u0105zanych z ochron\u0105 danych osobowych:<\/span><\/p>\n<p><span>Petro-Lawa Sp. z o.o.<\/span><\/p>\n<p><span>e-mail: petro-lawa@wp.pl<\/span><\/p>\n<p><span>tel.: 605069496<\/span><\/p>\t\t\t\t\t\t\t\t<\/div>\n\t\t\t\t<\/div>\n\t\t\t\t\t<\/div>\n\t\t<\/div>\n\t\t\t\t\t<\/div>\n\t\t<\/section>\n\t\t\t\t<\/div>\n\t\t","protected":false},"excerpt":{"rendered":"<p>Polityka prywatno\u015bci i przetwarzania danych osobowych firmy Petro-Lawa \u00a71. Informacje og\u00f3lne Niniejsza Polityka prywatno\u015bci okre\u015bla zasady przetwarzania danych osobowych zbieranych za po\u015brednictwem strony internetowej prowadzonej przez firm\u0119 Petro-Lawa (dalej: \u201eAdministrator\u201d, \u201eFirma\u201d). Administratorem danych osobowych w rozumieniu art. 4 pkt 7 RODO jest:Petro-Lawa Sp. z o.o.,z siedzib\u0105 przy D\u0119bno 1A, 55-140 [&hellip;]<\/p>\n","protected":false},"author":1,"featured_media":0,"parent":0,"menu_order":0,"comment_status":"closed","ping_status":"closed","template":"","meta":{"ngg_post_thumbnail":0,"footnotes":""},"class_list":["post-3","page","type-page","status-publish","hentry"],"aioseo_notices":[],"_links":{"self":[{"href":"https:\/\/hurtowepaliwa.pl\/index.php\/wp-json\/wp\/v2\/pages\/3","targetHints":{"allow":["GET"]}}],"collection":[{"href":"https:\/\/hurtowepaliwa.pl\/index.php\/wp-json\/wp\/v2\/pages"}],"about":[{"href":"https:\/\/hurtowepaliwa.pl\/index.php\/wp-json\/wp\/v2\/types\/page"}],"author":[{"embeddable":true,"href":"https:\/\/hurtowepaliwa.pl\/index.php\/wp-json\/wp\/v2\/users\/1"}],"replies":[{"embeddable":true,"href":"https:\/\/hurtowepaliwa.pl\/index.php\/wp-json\/wp\/v2\/comments?post=3"}],"version-history":[{"count":5,"href":"https:\/\/hurtowepaliwa.pl\/index.php\/wp-json\/wp\/v2\/pages\/3\/revisions"}],"predecessor-version":[{"id":4944,"href":"https:\/\/hurtowepaliwa.pl\/index.php\/wp-json\/wp\/v2\/pages\/3\/revisions\/4944"}],"wp:attachment":[{"href":"https:\/\/hurtowepaliwa.pl\/index.php\/wp-json\/wp\/v2\/media?parent=3"}],"curies":[{"name":"wp","href":"https:\/\/api.w.org\/{rel}","templated":true}]}}