{"id":4373,"date":"2019-11-25T15:27:25","date_gmt":"2019-11-25T15:27:25","guid":{"rendered":"http:\/\/hurtowepaliwa.pl\/?page_id=4373"},"modified":"2024-08-12T17:33:47","modified_gmt":"2024-08-12T17:33:47","slug":"dokumenty","status":"publish","type":"page","link":"https:\/\/hurtowepaliwa.pl\/index.php\/dokumenty\/","title":{"rendered":"Odbi\u00f3r w\u0142asny paliwa"},"content":{"rendered":"\t\t<div data-elementor-type=\"wp-page\" data-elementor-id=\"4373\" class=\"elementor elementor-4373\">\n\t\t\t\t\t\t<section class=\"elementor-section elementor-top-section elementor-element elementor-element-5c46f123 elementor-section-boxed elementor-section-height-default elementor-section-height-default\" data-id=\"5c46f123\" data-element_type=\"section\">\n\t\t\t\t\t\t<div class=\"elementor-container elementor-column-gap-default\">\n\t\t\t\t\t<div class=\"elementor-column elementor-col-100 elementor-top-column elementor-element elementor-element-fd4db9d\" data-id=\"fd4db9d\" data-element_type=\"column\">\n\t\t\t<div class=\"elementor-widget-wrap elementor-element-populated\">\n\t\t\t\t\t\t<div class=\"elementor-element elementor-element-79922581 elementor-widget elementor-widget-text-editor\" data-id=\"79922581\" data-element_type=\"widget\" data-widget_type=\"text-editor.default\">\n\t\t\t\t<div class=\"elementor-widget-container\">\n\t\t\t\t\t\t\t\t\t<p><\/p>\n<h2 class=\"wp-block-heading\">SPRZEDA\u017b HURTOWA Z ODBIOREM W\u0141ASNYM<\/h2>\n<p><\/p>\n<blockquote class=\"wp-block-quote is-layout-flow wp-block-quote-is-layout-flow\">\n<p><strong> Umo\u017cliwiamy zakup paliwa na wybranych bazach paliwowych w ca\u0142ej Polsce. <\/strong><\/p>\n<p>Dyrektor &#8211; S\u0142awomir Pa\u0142ka tel. 605-789-410<\/p>\n<\/blockquote>\n<p><\/p>\n<h4 class=\"wp-block-heading\">Dane niezb\u0119dne do zam\u00f3wienia paliwa z odbiorem w\u0142asnym:<\/h4>\n<p><\/p>\n<p>\u2022 Imi\u0119 i nazwisko kierowcy<\/p>\n<p><\/p>\n<p>\u2022 PESEL kierowcy<\/p>\n<p><\/p>\n<p>\u2022 Seria i Nr dowodu osobistego kierowcy<\/p>\n<p><\/p>\n<p>\u2022 Numer rejestracyjny pojazdu lub zestawu pojazdu<\/p>\n<p><\/p>\n<p><\/p>\n<p><\/p>\n<div class=\"wp-block-file\"><a href=\"http:\/\/hurtowepaliwa.pl\/wp-content\/uploads\/2019\/11\/orlen-wniosek-pojazd.pdf\"> ORLEN &#8211; wniosek o zg\u0142oszenie pojazdu i kierowcy<br>do odbioru paliwa <\/a><a href=\"http:\/\/hurtowepaliwa.pl\/wp-content\/uploads\/2019\/11\/orlen-wniosek-pojazd.pdf\" class=\"wp-block-file__button\" download=\"\">Pobierz<\/a><\/div>\n<p><\/p>\n<div class=\"wp-block-file\"><a href=\"http:\/\/hurtowepaliwa.pl\/wp-content\/uploads\/2019\/11\/olpp-wniosek-pojazd.pdf\"> <br>OLPP &#8211; wniosek o zg\u0142oszenie pojazdu i kierowcy<br>do odbioru paliwa <\/a><a href=\"http:\/\/hurtowepaliwa.pl\/wp-content\/uploads\/2019\/11\/olpp-wniosek-pojazd.pdf\" class=\"wp-block-file__button\" download=\"\">Pobierz<\/a><\/div>\n<p><\/p>\n<div class=\"wp-block-file\"><\/div>\n<p><\/p>\t\t\t\t\t\t\t\t<\/div>\n\t\t\t\t<\/div>\n\t\t\t\t<div class=\"elementor-element elementor-element-ebb5c94 elementor-align-center elementor-invisible elementor-widget elementor-widget-button\" data-id=\"ebb5c94\" data-element_type=\"widget\" data-settings=\"{&quot;_animation&quot;:&quot;zoomIn&quot;}\" data-widget_type=\"button.default\">\n\t\t\t\t<div class=\"elementor-widget-container\">\n\t\t\t\t\t\t\t\t\t<div class=\"elementor-button-wrapper\">\n\t\t\t\t\t<a class=\"elementor-button elementor-button-link elementor-size-md\" href=\"http:\/\/hurtowepaliwa.pl#kontakt4\">\n\t\t\t\t\t\t<span class=\"elementor-button-content-wrapper\">\n\t\t\t\t\t\t<span class=\"elementor-button-icon\">\n\t\t\t\t<i aria-hidden=\"true\" class=\"fas fa-mobile-alt\"><\/i>\t\t\t<\/span>\n\t\t\t\t\t\t\t\t\t<span class=\"elementor-button-text\">Zam\u00f3w telefonicznie z odbiorem w\u0142asnym - kliknij tu<\/span>\n\t\t\t\t\t<\/span>\n\t\t\t\t\t<\/a>\n\t\t\t\t<\/div>\n\t\t\t\t\t\t\t\t<\/div>\n\t\t\t\t<\/div>\n\t\t\t\t<div class=\"elementor-element elementor-element-68a90a2 elementor-align-center elementor-invisible elementor-widget elementor-widget-button\" data-id=\"68a90a2\" data-element_type=\"widget\" data-settings=\"{&quot;_animation&quot;:&quot;zoomIn&quot;}\" data-widget_type=\"button.default\">\n\t\t\t\t<div class=\"elementor-widget-container\">\n\t\t\t\t\t\t\t\t\t<div class=\"elementor-button-wrapper\">\n\t\t\t\t\t<a class=\"elementor-button elementor-button-link elementor-size-md\" href=\"#kontaktfor\">\n\t\t\t\t\t\t<span class=\"elementor-button-content-wrapper\">\n\t\t\t\t\t\t<span class=\"elementor-button-icon\">\n\t\t\t\t<i aria-hidden=\"true\" class=\"far fa-address-book\"><\/i>\t\t\t<\/span>\n\t\t\t\t\t\t\t\t\t<span class=\"elementor-button-text\">Zam\u00f3w wype\u0142niaj\u0105c formularz na stronie - kliknij tu<\/span>\n\t\t\t\t\t<\/span>\n\t\t\t\t\t<\/a>\n\t\t\t\t<\/div>\n\t\t\t\t\t\t\t\t<\/div>\n\t\t\t\t<\/div>\n\t\t\t\t\t<\/div>\n\t\t<\/div>\n\t\t\t\t\t<\/div>\n\t\t<\/section>\n\t\t\t\t<section class=\"elementor-section elementor-top-section elementor-element elementor-element-6068825 elementor-section-boxed elementor-section-height-default elementor-section-height-default\" data-id=\"6068825\" data-element_type=\"section\">\n\t\t\t\t\t\t<div class=\"elementor-container elementor-column-gap-default\">\n\t\t\t\t\t<div class=\"elementor-column elementor-col-100 elementor-top-column elementor-element elementor-element-bf341ae\" data-id=\"bf341ae\" data-element_type=\"column\">\n\t\t\t<div class=\"elementor-widget-wrap elementor-element-populated\">\n\t\t\t\t\t\t<div class=\"elementor-element elementor-element-c87e550 elementor-widget elementor-widget-heading\" data-id=\"c87e550\" data-element_type=\"widget\" data-widget_type=\"heading.default\">\n\t\t\t\t<div class=\"elementor-widget-container\">\n\t\t\t\t\t<h4 class=\"elementor-heading-title elementor-size-default\">FORMULARZ ZAM\u00d3WIENIA<\/h4>\t\t\t\t<\/div>\n\t\t\t\t<\/div>\n\t\t\t\t<div class=\"elementor-element elementor-element-6db16f0 elementor-widget elementor-widget-html\" data-id=\"6db16f0\" data-element_type=\"widget\" data-widget_type=\"html.default\">\n\t\t\t\t<div class=\"elementor-widget-container\">\n\t\t\t\t\t<a id=\"kontaktfor\"><\/a>\t\t\t\t<\/div>\n\t\t\t\t<\/div>\n\t\t\t\t<div class=\"elementor-element elementor-element-3407a3f elementor-widget elementor-widget-shortcode\" data-id=\"3407a3f\" data-element_type=\"widget\" data-widget_type=\"shortcode.default\">\n\t\t\t\t<div class=\"elementor-widget-container\">\n\t\t\t\t\t\t\t<div class=\"elementor-shortcode\"><div class=\"wpforms-container wpforms-container-full\" id=\"wpforms-4514\"><form id=\"wpforms-form-4514\" class=\"wpforms-validate wpforms-form\" data-formid=\"4514\" method=\"post\" enctype=\"multipart\/form-data\" action=\"\/index.php\/wp-json\/wp\/v2\/pages\/4373\" data-token=\"c5ae642482e9305b77c32a9a251ad6f7\" data-token-time=\"1776601415\"><noscript class=\"wpforms-error-noscript\">Aby wype\u0142ni\u0107 ten formularz, w\u0142\u0105cz obs\u0142ug\u0119 JavaScript w przegl\u0105darce.<\/noscript><div class=\"wpforms-field-container\"><div id=\"wpforms-4514-field_0-container\" class=\"wpforms-field wpforms-field-name wpforms-one-half wpforms-first\" data-field-id=\"0\"><label class=\"wpforms-field-label wpforms-label-hide\" for=\"wpforms-4514-field_0\">Imie i nazwisko <span class=\"wpforms-required-label\">*<\/span><\/label><input type=\"text\" id=\"wpforms-4514-field_0\" class=\"wpforms-field-large wpforms-field-required\" name=\"wpforms[fields][0]\" placeholder=\"Imie i nazwisko kierowcy\" required><\/div><div id=\"wpforms-4514-field_11-container\" class=\"wpforms-field wpforms-field-text\" data-field-id=\"11\"><label class=\"wpforms-field-label wpforms-label-hide\" for=\"wpforms-4514-field_11\">Pesel <span class=\"wpforms-required-label\">*<\/span><\/label><input type=\"text\" id=\"wpforms-4514-field_11\" class=\"wpforms-field-medium wpforms-field-required\" name=\"wpforms[fields][11]\" placeholder=\"PESEL\" required><\/div><div id=\"wpforms-4514-field_8-container\" class=\"wpforms-field wpforms-field-text\" data-field-id=\"8\"><label class=\"wpforms-field-label wpforms-label-hide\" for=\"wpforms-4514-field_8\">Dowod osobisty <span class=\"wpforms-required-label\">*<\/span><\/label><input type=\"text\" id=\"wpforms-4514-field_8\" class=\"wpforms-field-medium wpforms-field-required\" name=\"wpforms[fields][8]\" placeholder=\"SERIA I NUMER DOWODU OSOBISTEGO\" required><\/div><div id=\"wpforms-4514-field_9-container\" class=\"wpforms-field wpforms-field-text\" data-field-id=\"9\"><label class=\"wpforms-field-label wpforms-label-hide\" for=\"wpforms-4514-field_9\">Nr rejestracyjny <span class=\"wpforms-required-label\">*<\/span><\/label><input type=\"text\" id=\"wpforms-4514-field_9\" class=\"wpforms-field-medium wpforms-field-required\" name=\"wpforms[fields][9]\" placeholder=\"NUMER REJESTRACYJNY POJAZDU LUB ZESTAWU\" required><\/div><div id=\"wpforms-4514-field_3-container\" class=\"wpforms-field wpforms-field-email wpforms-one-half\" data-field-id=\"3\"><label class=\"wpforms-field-label wpforms-label-hide\" for=\"wpforms-4514-field_3\">E-mail <span class=\"wpforms-required-label\">*<\/span><\/label><input type=\"email\" id=\"wpforms-4514-field_3\" class=\"wpforms-field-large wpforms-field-required\" name=\"wpforms[fields][3]\" placeholder=\"E-MAIL\" spellcheck=\"false\" required><\/div><div id=\"wpforms-4514-field_12-container\" class=\"wpforms-field wpforms-field-text\" data-field-id=\"12\"><label class=\"wpforms-field-label wpforms-label-hide\" for=\"wpforms-4514-field_12\">Nr telefonu <span class=\"wpforms-required-label\">*<\/span><\/label><input type=\"text\" id=\"wpforms-4514-field_12\" class=\"wpforms-field-medium wpforms-field-required\" name=\"wpforms[fields][12]\" placeholder=\"TELEFON KONTAKTOWY\" required><\/div><div id=\"wpforms-4514-field_2-container\" class=\"wpforms-field wpforms-field-textarea\" data-field-id=\"2\"><label class=\"wpforms-field-label wpforms-label-hide\" for=\"wpforms-4514-field_2\">Informacje dodatkowe<\/label><textarea id=\"wpforms-4514-field_2\" class=\"wpforms-field-medium\" name=\"wpforms[fields][2]\" placeholder=\"INFORMACJE DODATKOWE - UWAGI\" ><\/textarea><\/div><\/div><!-- .wpforms-field-container --><div class=\"wpforms-submit-container\" ><input type=\"hidden\" name=\"wpforms[id]\" value=\"4514\"><input type=\"hidden\" name=\"page_title\" value=\"\"><input type=\"hidden\" name=\"page_url\" value=\"https:\/\/hurtowepaliwa.pl\/index.php\/wp-json\/wp\/v2\/pages\/4373\"><input type=\"hidden\" name=\"url_referer\" value=\"\"><button type=\"submit\" name=\"wpforms[submit]\" id=\"wpforms-submit-4514\" class=\"wpforms-submit\" data-alt-text=\"Trwa wysy\u0142anie\" data-submit-text=\"Wyslij wiadomos\u0107\" aria-live=\"assertive\" value=\"wpforms-submit\">Wyslij wiadomos\u0107<\/button><\/div><\/form><\/div>  <!-- .wpforms-container --><\/div>\n\t\t\t\t\t\t<\/div>\n\t\t\t\t<\/div>\n\t\t\t\t\t<\/div>\n\t\t<\/div>\n\t\t\t\t\t<\/div>\n\t\t<\/section>\n\t\t\t\t<section class=\"elementor-section elementor-top-section elementor-element elementor-element-5645e24 elementor-section-boxed elementor-section-height-default elementor-section-height-default\" data-id=\"5645e24\" data-element_type=\"section\">\n\t\t\t\t\t\t<div class=\"elementor-container elementor-column-gap-default\">\n\t\t\t\t\t<div class=\"elementor-column elementor-col-100 elementor-top-column elementor-element elementor-element-8d56c99\" data-id=\"8d56c99\" data-element_type=\"column\">\n\t\t\t<div class=\"elementor-widget-wrap elementor-element-populated\">\n\t\t\t\t\t\t<div class=\"elementor-element elementor-element-a64852f elementor-widget elementor-widget-image\" data-id=\"a64852f\" data-element_type=\"widget\" data-widget_type=\"image.default\">\n\t\t\t\t<div class=\"elementor-widget-container\">\n\t\t\t\t\t\t\t\t\t\t\t\t\t\t\t<img fetchpriority=\"high\" decoding=\"async\" width=\"595\" height=\"842\" src=\"https:\/\/hurtowepaliwa.pl\/wp-content\/uploads\/2024\/08\/obraz_2024-08-12_192215170.png\" class=\"attachment-large size-large wp-image-4874\" alt=\"Certyfikat petro-lawa\" srcset=\"https:\/\/hurtowepaliwa.pl\/wp-content\/uploads\/2024\/08\/obraz_2024-08-12_192215170.png 595w, https:\/\/hurtowepaliwa.pl\/wp-content\/uploads\/2024\/08\/obraz_2024-08-12_192215170-212x300.png 212w\" sizes=\"(max-width: 595px) 100vw, 595px\" \/>\t\t\t\t\t\t\t\t\t\t\t\t\t\t\t<\/div>\n\t\t\t\t<\/div>\n\t\t\t\t\t<\/div>\n\t\t<\/div>\n\t\t\t\t\t<\/div>\n\t\t<\/section>\n\t\t\t\t<\/div>\n\t\t","protected":false},"excerpt":{"rendered":"<p>SPRZEDA\u017b HURTOWA Z ODBIOREM W\u0141ASNYM Umo\u017cliwiamy zakup paliwa na wybranych bazach paliwowych w ca\u0142ej Polsce. Dyrektor &#8211; S\u0142awomir Pa\u0142ka tel. 605-789-410 Dane niezb\u0119dne do zam\u00f3wienia paliwa z odbiorem w\u0142asnym: \u2022 Imi\u0119 i nazwisko kierowcy \u2022 PESEL kierowcy \u2022 Seria i Nr dowodu osobistego kierowcy \u2022 Numer rejestracyjny pojazdu lub zestawu [&hellip;]<\/p>\n","protected":false},"author":1,"featured_media":0,"parent":0,"menu_order":0,"comment_status":"closed","ping_status":"closed","template":"","meta":{"ngg_post_thumbnail":0,"footnotes":""},"class_list":["post-4373","page","type-page","status-publish","hentry"],"aioseo_notices":[],"_links":{"self":[{"href":"https:\/\/hurtowepaliwa.pl\/index.php\/wp-json\/wp\/v2\/pages\/4373","targetHints":{"allow":["GET"]}}],"collection":[{"href":"https:\/\/hurtowepaliwa.pl\/index.php\/wp-json\/wp\/v2\/pages"}],"about":[{"href":"https:\/\/hurtowepaliwa.pl\/index.php\/wp-json\/wp\/v2\/types\/page"}],"author":[{"embeddable":true,"href":"https:\/\/hurtowepaliwa.pl\/index.php\/wp-json\/wp\/v2\/users\/1"}],"replies":[{"embeddable":true,"href":"https:\/\/hurtowepaliwa.pl\/index.php\/wp-json\/wp\/v2\/comments?post=4373"}],"version-history":[{"count":41,"href":"https:\/\/hurtowepaliwa.pl\/index.php\/wp-json\/wp\/v2\/pages\/4373\/revisions"}],"predecessor-version":[{"id":4881,"href":"https:\/\/hurtowepaliwa.pl\/index.php\/wp-json\/wp\/v2\/pages\/4373\/revisions\/4881"}],"wp:attachment":[{"href":"https:\/\/hurtowepaliwa.pl\/index.php\/wp-json\/wp\/v2\/media?parent=4373"}],"curies":[{"name":"wp","href":"https:\/\/api.w.org\/{rel}","templated":true}]}}